{"id":25,"date":"2025-11-26T11:12:36","date_gmt":"2025-11-26T11:12:36","guid":{"rendered":"https:\/\/cemusialcoi2026.webs.upv.es\/?page_id=25"},"modified":"2025-12-02T10:04:50","modified_gmt":"2025-12-02T10:04:50","slug":"sobre-el-congres","status":"publish","type":"page","link":"https:\/\/cemusialcoi2026.webs.upv.es\/?page_id=25","title":{"rendered":"Sobre el Congr\u00e9s"},"content":{"rendered":"\n<p>El primer CEMUSI, celebrat a la <a href=\"https:\/\/maps.app.goo.gl\/zsXggWiYtgjvfssB9\" data-type=\"link\" data-id=\"https:\/\/maps.app.goo.gl\/zsXggWiYtgjvfssB9\">localitat d\u2019Inca<\/a> (Mallorca) en 2023, es va centrar en les possibilitats de muse\u00eftzaci\u00f3 del patrimoni industrial i en el seu impuls als territoris de l\u2019Euroregi\u00f3 Pirineus-Mediterr\u00e0nia. Aquesta segona edici\u00f3 pret\u00e9n aprofundir en eixa relaci\u00f3 amb les comunitats locals amb la incorporaci\u00f3 del Pa\u00eds Valenci\u00e0, una \u00e0rea de llarga tradici\u00f3 manufacturera que ha conegut diverses iniciatives de valoritzaci\u00f3 del seu patrimoni industrial. Aix\u00ed, es compta amb <a href=\"https:\/\/www.museuvalenciadelpaper.com\/\" data-type=\"link\" data-id=\"https:\/\/www.museuvalenciadelpaper.com\/\">museus del Paper<\/a> (Banyeres de Mariola), <a href=\"https:\/\/www.google.com\/url?sa=t&amp;source=web&amp;rct=j&amp;opi=89978449&amp;url=https:\/\/www.museocalzado.com\/va\/&amp;ved=2ahUKEwj5la_Hzp6RAxXA1wIHHcbYLP4QFnoECB0QAQ&amp;usg=AOvVaw2xgFTGttJIdS4Rdb7GdbTo\" data-type=\"link\" data-id=\"https:\/\/www.google.com\/url?sa=t&amp;source=web&amp;rct=j&amp;opi=89978449&amp;url=https:\/\/www.museocalzado.com\/va\/&amp;ved=2ahUKEwj5la_Hzp6RAxXA1wIHHcbYLP4QFnoECB0QAQ&amp;usg=AOvVaw2xgFTGttJIdS4Rdb7GdbTo\">del Cal\u00e7at<\/a> (Elda), <a href=\"https:\/\/www.google.com\/url?sa=t&amp;source=web&amp;rct=j&amp;opi=89978449&amp;url=https:\/\/www.museojuguete.com\/va\/&amp;ved=2ahUKEwif6L7Uzp6RAxWU4wIHHQtaPf0QFnoECB4QAQ&amp;usg=AOvVaw1bfhGE_civY9LOEMD8se1L\" data-type=\"link\" data-id=\"https:\/\/www.google.com\/url?sa=t&amp;source=web&amp;rct=j&amp;opi=89978449&amp;url=https:\/\/www.museojuguete.com\/va\/&amp;ved=2ahUKEwif6L7Uzp6RAxWU4wIHHQtaPf0QFnoECB4QAQ&amp;usg=AOvVaw1bfhGE_civY9LOEMD8se1L\">del Joguet<\/a> (Ibi), <a href=\"https:\/\/www.google.com\/url?sa=t&amp;source=web&amp;rct=j&amp;opi=89978449&amp;url=http:\/\/fundaciomuseudeltextil.es\/&amp;ved=2ahUKEwjU_ZTizp6RAxUf-QIHHY6cH7kQFnoECBUQAQ&amp;usg=AOvVaw0Ohvb8ru4T02iVvQO8WBG_\" data-type=\"link\" data-id=\"https:\/\/www.google.com\/url?sa=t&amp;source=web&amp;rct=j&amp;opi=89978449&amp;url=http:\/\/fundaciomuseudeltextil.es\/&amp;ved=2ahUKEwjU_ZTizp6RAxUf-QIHHY6cH7kQFnoECBUQAQ&amp;usg=AOvVaw0Ohvb8ru4T02iVvQO8WBG_\">del T\u00e8xtil<\/a> (Ontinyent), <a href=\"https:\/\/www.google.com\/url?sa=t&amp;source=web&amp;rct=j&amp;opi=89978449&amp;url=https:\/\/lalcora.es\/museu-de-ceramica\/&amp;ved=2ahUKEwii1JPvzp6RAxUH9gIHHScQLwsQFnoECEoQAQ&amp;usg=AOvVaw3F-hSQTTT_2_xoNMvQS0wb\" data-type=\"link\" data-id=\"https:\/\/www.google.com\/url?sa=t&amp;source=web&amp;rct=j&amp;opi=89978449&amp;url=https:\/\/lalcora.es\/museu-de-ceramica\/&amp;ved=2ahUKEwii1JPvzp6RAxUH9gIHHScQLwsQFnoECEoQAQ&amp;usg=AOvVaw3F-hSQTTT_2_xoNMvQS0wb\">de la Cer\u00e0mica<\/a> (L\u2019Alcora), <a href=\"https:\/\/rutadelturrondejijona.com\/producto\/museo-del-turron-de-jijona\/\" data-type=\"link\" data-id=\"https:\/\/rutadelturrondejijona.com\/producto\/museo-del-turron-de-jijona\/\">del Torr\u00f3<\/a> (Xixona), <a href=\"https:\/\/www.valor.es\/museo-del-chocolate\/\" data-type=\"link\" data-id=\"https:\/\/www.valor.es\/museo-del-chocolate\/\">del Xocolate<\/a> (La Vila Joiosa) o <a href=\"https:\/\/www.google.com\/url?sa=t&amp;source=web&amp;rct=j&amp;opi=89978449&amp;url=https:\/\/www.museodelasedavalencia.com\/va\/&amp;ved=2ahUKEwjUlrDUz56RAxVy5QIHHeXOFqwQFnoECE8QAQ&amp;usg=AOvVaw066U-wP7BkQpOh2f82Tjud\" data-type=\"link\" data-id=\"https:\/\/www.google.com\/url?sa=t&amp;source=web&amp;rct=j&amp;opi=89978449&amp;url=https:\/\/www.museodelasedavalencia.com\/va\/&amp;ved=2ahUKEwjUlrDUz56RAxVy5QIHHeXOFqwQFnoECE8QAQ&amp;usg=AOvVaw066U-wP7BkQpOh2f82Tjud\">de la Seda<\/a> (Val\u00e8ncia), entre d\u2019altres, per\u00f2 es tracta d\u2019institucions disperses, sense una estrat\u00e8gia compartida.<\/p>\n\n\n\n<p><\/p>\n\n\n\n<p>Pel que fa a Alcoi, es tracta d\u2019un dels primers indrets a industrialitzar-se plenament a tot l\u2019Estat sobre la base del t\u00e8xtil, el paper i la metal\u00b7l\u00fargia, amb una important din\u00e0mica associativa i reivindicativa del moviment obrer. Malgrat les velles aspiracions i el seu important patrimoni industrial, fins al moment no havia estat capa\u00e7 de configurar un museu industrial, m\u00e9s enll\u00e0 de la iniciativa privada de l\u2019empresa d\u2019olives farcides \u201cEl Serpis\u201d. Afortunadament, dues iniciatives imminents van a canviar eixe panorama: per una banda, el Museu de Patrimoni Industrial i Hist\u00f2ria del campus d\u2019Alcoi de la Universitat Polit\u00e8cnica de Val\u00e8ncia (<a href=\"https:\/\/museucampusalcoi.webs.upv.es\/?page_id=82&amp;lang=va\" data-type=\"link\" data-id=\"https:\/\/museucampusalcoi.webs.upv.es\/?page_id=82&amp;lang=va\">MUPIH<\/a>), que \u00e9s ja una realitat; i per altra, el Museu Industrial del Molinar, impulsat pel propi Ajuntament en aquest emblem\u00e0tic paratge arqueol\u00f2gic, encara en fase de rehabilitaci\u00f3.<\/p>\n\n\n\n<p><br>La ciutat ja va ser pionera amb l\u2019organitzaci\u00f3, per part del <a href=\"https:\/\/www.google.com\/url?sa=t&amp;source=web&amp;rct=j&amp;opi=89978449&amp;url=https:\/\/www.caeha.es\/&amp;ved=2ahUKEwiP-NeX0J6RAxULRv4FHXA6FoQQFnoECBsQAQ&amp;usg=AOvVaw0VFWPy-YbmFcVZUWtyfC3l\" data-type=\"link\" data-id=\"https:\/\/www.google.com\/url?sa=t&amp;source=web&amp;rct=j&amp;opi=89978449&amp;url=https:\/\/www.caeha.es\/&amp;ved=2ahUKEwiP-NeX0J6RAxULRv4FHXA6FoQQFnoECBsQAQ&amp;usg=AOvVaw0VFWPy-YbmFcVZUWtyfC3l\">Centre Alcoi\u00e0 d\u2019Estudis Hist\u00f2rics i Arqueol\u00f2gics<\/a> (CAEHA), de les primeres \u201cJornades sobre teoria i m\u00e8todes d\u2019Arqueologia Industrial\u201d en febrer de 1989, aix\u00ed com del \u201c<a href=\"https:\/\/www.caeha.es\/caeha_jornada\/arqueologia-industrial-actes-del-primer-congres-del-pais-valencia\/\" data-type=\"link\" data-id=\"https:\/\/www.caeha.es\/caeha_jornada\/arqueologia-industrial-actes-del-primer-congres-del-pais-valencia\/\">Primer Congr\u00e9s d\u2019Arqueologia Industrial del Pa\u00eds Valenci\u00e0<\/a>\u201d en novembre de 1990. Si en aquell moment es tractava de definir i delimitar una disciplina que estava naixent al territori espanyol, ara \u00e9s moment d\u2019aprofundir en la professionalitzaci\u00f3 de la museografia industrial i en la transfer\u00e8ncia universitat-museu-territori, sobre la base dels pilars de la recerca, la gesti\u00f3, la innovaci\u00f3 i la divulgaci\u00f3.<br>El CEMUSI, per tant, pret\u00e9n crear un espai propi per a la museografia industrial, un \u00e0mbit que sovint queda desdibuixat dins els grans congressos de patrimoni industrial.<\/p>\n\n\n<div class=\"wp-block-image\">\n<figure class=\"aligncenter size-large is-resized\"><img loading=\"lazy\" decoding=\"async\" width=\"649\" height=\"1024\" src=\"https:\/\/cemusialcoi2026.webs.upv.es\/wp-content\/uploads\/2025\/11\/Molinar-649x1024.jpg\" alt=\"\" class=\"wp-image-26\" style=\"width:520px;height:auto\" srcset=\"https:\/\/cemusialcoi2026.webs.upv.es\/wp-content\/uploads\/2025\/11\/Molinar-649x1024.jpg 649w, https:\/\/cemusialcoi2026.webs.upv.es\/wp-content\/uploads\/2025\/11\/Molinar-190x300.jpg 190w, https:\/\/cemusialcoi2026.webs.upv.es\/wp-content\/uploads\/2025\/11\/Molinar-768x1212.jpg 768w, https:\/\/cemusialcoi2026.webs.upv.es\/wp-content\/uploads\/2025\/11\/Molinar-973x1536.jpg 973w, https:\/\/cemusialcoi2026.webs.upv.es\/wp-content\/uploads\/2025\/11\/Molinar-1297x2048.jpg 1297w, https:\/\/cemusialcoi2026.webs.upv.es\/wp-content\/uploads\/2025\/11\/Molinar-scaled.jpg 1622w\" sizes=\"auto, (max-width: 649px) 100vw, 649px\" \/><\/figure>\n<\/div>\n\n\n<p class=\"has-text-align-center\"><em>Alcoy \u2018El molinar\u2019 per part E. Jord\u00e1 Blanes, 1910<\/em><\/p>\n\n\n\n<p><\/p>\n\n\n\n<p> D\u2019aquesta manera, podrien definir-se els seg\u00fcents objectius generals:<\/p>\n\n\n\n<p>\u2013 Reivindicar la museografia com a disciplina pr\u00f2pia dins el patrimoni industrial.<br>\u2013 Crear un espai de trobada entre investigadors, institucions, museus i comunitats locals.<br>\u2013 Donar visibilitat a les experi\u00e8ncies museogr\u00e0fiques de Catalunya, les Illes Balears i el Pa\u00eds Valenci\u00e0.<br>\u2013 Fomentar xarxes de cooperaci\u00f3 entre aquests territoris amb passats industrials afins.<br>\u2013 Posar en valor el patrimoni industrial com a eina de mem\u00f2ria col\u00b7lectiva i desenvolupament sostenible.<br>\u2013 Promoure la divulgaci\u00f3 i la transfer\u00e8ncia de coneixement en clau educativa, tur\u00edstica i ciutadana.<br>\u2013 Situar els professionals dels museus industrials al centre del debat.<\/p>\n\n\n\n<p><br>Amb la definici\u00f3 d\u2019aquests objectius pretenem consolidar, donar coher\u00e8ncia i identitat pr\u00f2pia a la segona edici\u00f3 del CEMUSI, el qual servir\u00e0 per a tractar eixes \u201cNoves perspectives per a la gesti\u00f3 del patrimoni industrial\u201d que li donen t\u00edtol.<\/p>\n\n\n\n<p><\/p>\n\n\n\n<figure class=\"wp-block-image size-full\"><img loading=\"lazy\" decoding=\"async\" width=\"1024\" height=\"724\" src=\"https:\/\/cemusialcoi2026.webs.upv.es\/wp-content\/uploads\/2025\/11\/CEMUSI-logo-1.jpg\" alt=\"\" class=\"wp-image-27\" srcset=\"https:\/\/cemusialcoi2026.webs.upv.es\/wp-content\/uploads\/2025\/11\/CEMUSI-logo-1.jpg 1024w, https:\/\/cemusialcoi2026.webs.upv.es\/wp-content\/uploads\/2025\/11\/CEMUSI-logo-1-300x212.jpg 300w, https:\/\/cemusialcoi2026.webs.upv.es\/wp-content\/uploads\/2025\/11\/CEMUSI-logo-1-768x543.jpg 768w, https:\/\/cemusialcoi2026.webs.upv.es\/wp-content\/uploads\/2025\/11\/CEMUSI-logo-1-424x300.jpg 424w\" sizes=\"auto, (max-width: 1024px) 100vw, 1024px\" \/><\/figure>\n\n\n\n<p><\/p>\n\n\n\n<p><\/p>\n","protected":false},"excerpt":{"rendered":"<p>El primer CEMUSI, celebrat a la localitat d\u2019Inca (Mallorca) en 2023, es va centrar en les possibilitats de muse\u00eftzaci\u00f3 del patrimoni industrial i en el seu impuls als territoris de l\u2019Euroregi\u00f3 Pirineus-Mediterr\u00e0nia. Aquesta segona edici\u00f3 pret\u00e9n aprofundir en eixa relaci\u00f3 &hellip; <a href=\"https:\/\/cemusialcoi2026.webs.upv.es\/?page_id=25\">Continue reading <span class=\"meta-nav\">&rarr;<\/span><\/a><\/p>\n","protected":false},"author":2,"featured_media":0,"parent":0,"menu_order":0,"comment_status":"closed","ping_status":"closed","template":"","meta":{"footnotes":""},"class_list":["post-25","page","type-page","status-publish","hentry"],"_links":{"self":[{"href":"https:\/\/cemusialcoi2026.webs.upv.es\/index.php?rest_route=\/wp\/v2\/pages\/25","targetHints":{"allow":["GET"]}}],"collection":[{"href":"https:\/\/cemusialcoi2026.webs.upv.es\/index.php?rest_route=\/wp\/v2\/pages"}],"about":[{"href":"https:\/\/cemusialcoi2026.webs.upv.es\/index.php?rest_route=\/wp\/v2\/types\/page"}],"author":[{"embeddable":true,"href":"https:\/\/cemusialcoi2026.webs.upv.es\/index.php?rest_route=\/wp\/v2\/users\/2"}],"replies":[{"embeddable":true,"href":"https:\/\/cemusialcoi2026.webs.upv.es\/index.php?rest_route=%2Fwp%2Fv2%2Fcomments&post=25"}],"version-history":[{"count":7,"href":"https:\/\/cemusialcoi2026.webs.upv.es\/index.php?rest_route=\/wp\/v2\/pages\/25\/revisions"}],"predecessor-version":[{"id":92,"href":"https:\/\/cemusialcoi2026.webs.upv.es\/index.php?rest_route=\/wp\/v2\/pages\/25\/revisions\/92"}],"wp:attachment":[{"href":"https:\/\/cemusialcoi2026.webs.upv.es\/index.php?rest_route=%2Fwp%2Fv2%2Fmedia&parent=25"}],"curies":[{"name":"wp","href":"https:\/\/api.w.org\/{rel}","templated":true}]}}