{"id":32,"date":"2025-11-26T11:30:23","date_gmt":"2025-11-26T11:30:23","guid":{"rendered":"https:\/\/cemusialcoi2026.webs.upv.es\/?page_id=32"},"modified":"2026-02-09T12:44:16","modified_gmt":"2026-02-09T12:44:16","slug":"comunicacions","status":"publish","type":"page","link":"https:\/\/cemusialcoi2026.webs.upv.es\/?page_id=32","title":{"rendered":"Comunicacions"},"content":{"rendered":"\n<p>A banda de les pon\u00e8ncies convidades, el congr\u00e9s estar\u00e0 obert a la recepci\u00f3 de comunicacions que s\u2019hauran d\u2019adherir conceptualment a algun dels \u00e0mbits esmentats a continuaci\u00f3, sempre amb la valoritzaci\u00f3 del patrimoni industrial.<\/p>\n\n\n\n<p><strong>\u00c0mbit 1. Reptes t\u00e8cnics, discursius i est\u00e8tics en la renovaci\u00f3 d\u2019espais industrials:<\/strong><\/p>\n\n\n\n<ul class=\"wp-block-list\">\n<li>Muse\u00eftzaci\u00f3 del paisatge industrial i transformacions urbanes<\/li>\n\n\n\n<li>Reutilitzaci\u00f3 i nous usos del patrimoni industrial<\/li>\n\n\n\n<li>Accessibilitat i mediaci\u00f3 en espais fabrils i entorns complexos<\/li>\n<\/ul>\n\n\n\n<p><strong>\u00c0mbit 2: Museografia social aplicada al patrimoni industrial:<\/strong><\/p>\n\n\n\n<ul class=\"wp-block-list\">\n<li>Mem\u00f2ria obrera, patrimoni immaterial i g\u00e8nere al discurs expositiu<\/li>\n\n\n\n<li>Cultura del treball i processos productius<\/li>\n\n\n\n<li>Models de participaci\u00f3 comunit\u00e0ria en museus industrials<\/li>\n<\/ul>\n\n\n\n<p><strong>\u00c0mbit 3: Innovaci\u00f3 museogr\u00e0fica:<\/strong><\/p>\n\n\n\n<ul class=\"wp-block-list\">\n<li>Nous models de gesti\u00f3 museogr\u00e0fica i estrat\u00e8gies interpretatives<\/li>\n\n\n\n<li>Digitalitzaci\u00f3, noves tecnologies, muse\u00eftzaci\u00f3 sensorial i difusi\u00f3 patrimonial<\/li>\n\n\n\n<li>Incorporaci\u00f3 al relat expositiu d\u2019arxius industrials, empresarials i personals<\/li>\n<\/ul>\n\n\n\n<p><strong>\u00c0mbit 4: Sostenibilitat i educaci\u00f3 patrimonial:<\/strong><\/p>\n\n\n\n<ul class=\"wp-block-list\">\n<li>Projectes educatius aplicats a espais industrials<\/li>\n\n\n\n<li>Muse\u00eftzar des de la creativitat i amb recursos limitats<\/li>\n\n\n\n<li>Turisme responsable i ODS<\/li>\n\n\n\n<li>Pol\u00edtiques de gesti\u00f3 institucional<\/li>\n<\/ul>\n\n\n\n<p><\/p>\n\n\n\n<p>Les comunicacions hauran de ser originals i in\u00e8dites, i podran ser proposades mitjan\u00e7ant un resum amb una extensi\u00f3 m\u00e0xima de 300 paraules i 5 conceptes clau. Es lliuraran en catal\u00e0 o castell\u00e0 a l\u2019adre\u00e7a cemusialcoi2026@gmail.com.<\/p>\n\n\n\n<p><\/p>\n\n\n\n<p>La data m\u00e0xima per a l\u2019enviament dels resums de les comunicacions \u00e9s el 7 gener de 2026. El 16 de gener de 2026 (com data m\u00e0xima) es donaran a con\u00e8ixer els treballs acceptats<\/p>\n\n\n\n<p><\/p>\n\n\n\n<p><\/p>\n\n\n\n<figure class=\"wp-block-image size-full\"><img loading=\"lazy\" decoding=\"async\" width=\"1024\" height=\"724\" src=\"https:\/\/cemusialcoi2026.webs.upv.es\/wp-content\/uploads\/2025\/11\/CEMUSI-logo-2.jpg\" alt=\"\" class=\"wp-image-33\" srcset=\"https:\/\/cemusialcoi2026.webs.upv.es\/wp-content\/uploads\/2025\/11\/CEMUSI-logo-2.jpg 1024w, https:\/\/cemusialcoi2026.webs.upv.es\/wp-content\/uploads\/2025\/11\/CEMUSI-logo-2-300x212.jpg 300w, https:\/\/cemusialcoi2026.webs.upv.es\/wp-content\/uploads\/2025\/11\/CEMUSI-logo-2-768x543.jpg 768w, https:\/\/cemusialcoi2026.webs.upv.es\/wp-content\/uploads\/2025\/11\/CEMUSI-logo-2-424x300.jpg 424w\" sizes=\"auto, (max-width: 1024px) 100vw, 1024px\" \/><\/figure>\n\n\n\n<p><\/p>\n\n\n\n<p><\/p>\n\n\n\n<p><\/p>\n\n\n\n<p><\/p>\n\n\n\n<p><\/p>\n\n\n\n<p><\/p>\n","protected":false},"excerpt":{"rendered":"<p>A banda de les pon\u00e8ncies convidades, el congr\u00e9s estar\u00e0 obert a la recepci\u00f3 de comunicacions que s\u2019hauran d\u2019adherir conceptualment a algun dels \u00e0mbits esmentats a continuaci\u00f3, sempre amb la valoritzaci\u00f3 del patrimoni industrial. \u00c0mbit 1. Reptes t\u00e8cnics, discursius i est\u00e8tics &hellip; <a href=\"https:\/\/cemusialcoi2026.webs.upv.es\/?page_id=32\">Continue reading <span class=\"meta-nav\">&rarr;<\/span><\/a><\/p>\n","protected":false},"author":2,"featured_media":0,"parent":0,"menu_order":0,"comment_status":"closed","ping_status":"closed","template":"","meta":{"footnotes":""},"class_list":["post-32","page","type-page","status-publish","hentry"],"_links":{"self":[{"href":"https:\/\/cemusialcoi2026.webs.upv.es\/index.php?rest_route=\/wp\/v2\/pages\/32","targetHints":{"allow":["GET"]}}],"collection":[{"href":"https:\/\/cemusialcoi2026.webs.upv.es\/index.php?rest_route=\/wp\/v2\/pages"}],"about":[{"href":"https:\/\/cemusialcoi2026.webs.upv.es\/index.php?rest_route=\/wp\/v2\/types\/page"}],"author":[{"embeddable":true,"href":"https:\/\/cemusialcoi2026.webs.upv.es\/index.php?rest_route=\/wp\/v2\/users\/2"}],"replies":[{"embeddable":true,"href":"https:\/\/cemusialcoi2026.webs.upv.es\/index.php?rest_route=%2Fwp%2Fv2%2Fcomments&post=32"}],"version-history":[{"count":3,"href":"https:\/\/cemusialcoi2026.webs.upv.es\/index.php?rest_route=\/wp\/v2\/pages\/32\/revisions"}],"predecessor-version":[{"id":118,"href":"https:\/\/cemusialcoi2026.webs.upv.es\/index.php?rest_route=\/wp\/v2\/pages\/32\/revisions\/118"}],"wp:attachment":[{"href":"https:\/\/cemusialcoi2026.webs.upv.es\/index.php?rest_route=%2Fwp%2Fv2%2Fmedia&parent=32"}],"curies":[{"name":"wp","href":"https:\/\/api.w.org\/{rel}","templated":true}]}}