{"id":39,"date":"2025-11-26T11:51:46","date_gmt":"2025-11-26T11:51:46","guid":{"rendered":"https:\/\/cemusialcoi2026.webs.upv.es\/?page_id=39"},"modified":"2026-02-05T10:38:54","modified_gmt":"2026-02-05T10:38:54","slug":"informacio-i-dades-practiques","status":"publish","type":"page","link":"https:\/\/cemusialcoi2026.webs.upv.es\/?page_id=39","title":{"rendered":"Informaci\u00f3 i dades pr\u00e0ctiques"},"content":{"rendered":"\n<ul class=\"wp-block-list\">\n<li>Dies de realitzaci\u00f3: 12 al 15 de mar\u00e7 del 2026<\/li>\n\n\n\n<li>Lloc de realitzaci\u00f3: <a href=\"https:\/\/maps.app.goo.gl\/rrHKm5Aej7ZrTTZR7\" data-type=\"link\" data-id=\"https:\/\/maps.app.goo.gl\/rrHKm5Aej7ZrTTZR7\">Parc Tecnol\u00f2gic Urb\u00e0 de Rodes <\/a>i <a href=\"https:\/\/maps.app.goo.gl\/d3mzMuNxZeiNj5AG9\" data-type=\"link\" data-id=\"https:\/\/maps.app.goo.gl\/d3mzMuNxZeiNj5AG9\">Escola Industrial <\/a>(Alcoi, Alacant)<\/li>\n\n\n\n<li>Entitats organitzadores: <a href=\"https:\/\/www.caeha.es\/\" data-type=\"link\" data-id=\"https:\/\/www.caeha.es\/\">Centre Alcoi\u00e0 d\u2019Estudis Hist\u00f2rics i Arqueol\u00f2gics (CAEHA)<\/a>, <a href=\"https:\/\/www.google.com\/url?sa=t&amp;source=web&amp;rct=j&amp;opi=89978449&amp;url=https:\/\/www.alcoi.org\/&amp;ved=2ahUKEwi-pZLOx56RAxW80gIHHRJwIvwQFnoECD8QAQ&amp;usg=AOvVaw1jmzs9GGv1nkDrI-z5tg5M\" data-type=\"link\" data-id=\"https:\/\/www.google.com\/url?sa=t&amp;source=web&amp;rct=j&amp;opi=89978449&amp;url=https:\/\/www.alcoi.org\/&amp;ved=2ahUKEwi-pZLOx56RAxW80gIHHRJwIvwQFnoECD8QAQ&amp;usg=AOvVaw1jmzs9GGv1nkDrI-z5tg5M\">l\u2019Ajuntament d\u2019Alcoi<\/a>, <a href=\"https:\/\/www.google.com\/url?sa=t&amp;source=web&amp;rct=j&amp;opi=89978449&amp;url=https:\/\/www.upv.es\/entidades\/epsa\/va\/inici-2\/&amp;ved=2ahUKEwipr4Pix56RAxVvRP4FHXY5DVAQFnoECFMQAQ&amp;usg=AOvVaw0RdNeM2LpFatPD5f1bd_MJ\" data-type=\"link\" data-id=\"https:\/\/www.google.com\/url?sa=t&amp;source=web&amp;rct=j&amp;opi=89978449&amp;url=https:\/\/www.upv.es\/entidades\/epsa\/va\/inici-2\/&amp;ved=2ahUKEwipr4Pix56RAxVvRP4FHXY5DVAQFnoECFMQAQ&amp;usg=AOvVaw0RdNeM2LpFatPD5f1bd_MJ\">la Universitat Polit\u00e8cnica de Val\u00e8ncia \u2013 Campus d\u2019Alcoi<\/a>, <a href=\"https:\/\/www.google.com\/url?sa=t&amp;source=web&amp;rct=j&amp;opi=89978449&amp;url=https:\/\/www.ua.es\/&amp;ved=2ahUKEwim3bvpx56RAxU62QIHHRGIAhsQFnoECCYQAQ&amp;usg=AOvVaw3WSsDJDqmjfDJPGa0ShFs6\" data-type=\"link\" data-id=\"https:\/\/www.google.com\/url?sa=t&amp;source=web&amp;rct=j&amp;opi=89978449&amp;url=https:\/\/www.ua.es\/&amp;ved=2ahUKEwim3bvpx56RAxU62QIHHRGIAhsQFnoECCYQAQ&amp;usg=AOvVaw3WSsDJDqmjfDJPGa0ShFs6\">la Universitat d\u2019Alacant<\/a>, <a href=\"https:\/\/www.google.com\/url?sa=t&amp;source=web&amp;rct=j&amp;opi=89978449&amp;url=https:\/\/www.uib.cat\/&amp;ved=2ahUKEwj3kY_7x56RAxVC3AIHHWBIHgsQFnoECBMQAQ&amp;usg=AOvVaw0htqD4EEsE0b9Jkfiv1fS1\" data-type=\"link\" data-id=\"https:\/\/www.google.com\/url?sa=t&amp;source=web&amp;rct=j&amp;opi=89978449&amp;url=https:\/\/www.uib.cat\/&amp;ved=2ahUKEwj3kY_7x56RAxVC3AIHHWBIHgsQFnoECBMQAQ&amp;usg=AOvVaw0htqD4EEsE0b9Jkfiv1fS1\">la Universitat de les Illes Balears<\/a>, <a href=\"https:\/\/www.google.com\/url?sa=t&amp;source=web&amp;rct=j&amp;opi=89978449&amp;url=https:\/\/mnactec.cat\/&amp;ved=2ahUKEwiO8bmCyJ6RAxXW0wIHHQZHAR8QFnoECCMQAQ&amp;usg=AOvVaw0N7LZzq-aqVeW_tDFQNQ42\" data-type=\"link\" data-id=\"https:\/\/www.google.com\/url?sa=t&amp;source=web&amp;rct=j&amp;opi=89978449&amp;url=https:\/\/mnactec.cat\/&amp;ved=2ahUKEwiO8bmCyJ6RAxXW0wIHHQZHAR8QFnoECCMQAQ&amp;usg=AOvVaw0N7LZzq-aqVeW_tDFQNQ42\">el Museu Nacional de la Ci\u00e8ncia i la T\u00e8cnica de Catalunya (MNACTEC)<\/a> i <a href=\"https:\/\/www.google.com\/url?sa=t&amp;source=web&amp;rct=j&amp;opi=89978449&amp;url=https:\/\/www.irmu.org\/&amp;ved=2ahUKEwiih8yKyJ6RAxU4xwIHHfkVJcoQFnoECCcQAQ&amp;usg=AOvVaw2KHYhgY7TqTDOnwRnXBb9s\" data-type=\"link\" data-id=\"https:\/\/www.google.com\/url?sa=t&amp;source=web&amp;rct=j&amp;opi=89978449&amp;url=https:\/\/www.irmu.org\/&amp;ved=2ahUKEwiih8yKyJ6RAxU4xwIHHfkVJcoQFnoECCcQAQ&amp;usg=AOvVaw2KHYhgY7TqTDOnwRnXBb9s\">l\u2018Institut Ramon Muntaner<\/a>.<\/li>\n\n\n\n<li>Comit\u00e8 Cient\u00edfic: Jos\u00e9 M. Gadea i Isaac Montava (<a href=\"https:\/\/www.google.com\/url?sa=t&amp;source=web&amp;rct=j&amp;opi=89978449&amp;url=https:\/\/www.upv.es\/entidades\/epsa\/va\/inici-2\/&amp;ved=2ahUKEwipr4Pix56RAxVvRP4FHXY5DVAQFnoECFMQAQ&amp;usg=AOvVaw0RdNeM2LpFatPD5f1bd_MJ\" data-type=\"link\" data-id=\"https:\/\/www.google.com\/url?sa=t&amp;source=web&amp;rct=j&amp;opi=89978449&amp;url=https:\/\/www.upv.es\/entidades\/epsa\/va\/inici-2\/&amp;ved=2ahUKEwipr4Pix56RAxVvRP4FHXY5DVAQFnoECFMQAQ&amp;usg=AOvVaw0RdNeM2LpFatPD5f1bd_MJ\">UPV &#8211; EPSA<\/a>), Palmira Torregrosa (<a href=\"https:\/\/www.alcoi.org\/es\/areas\/cultura\/museo\" data-type=\"link\" data-id=\"https:\/\/www.alcoi.org\/es\/areas\/cultura\/museo\">Museu Arqueol\u00f2gic Municipal d\u2019Alcoi <\/a>i <a href=\"https:\/\/www.google.com\/url?sa=t&amp;source=web&amp;rct=j&amp;opi=89978449&amp;url=https:\/\/www.ua.es\/&amp;ved=2ahUKEwim3bvpx56RAxU62QIHHRGIAhsQFnoECCYQAQ&amp;usg=AOvVaw3WSsDJDqmjfDJPGa0ShFs6\" data-type=\"link\" data-id=\"https:\/\/www.google.com\/url?sa=t&amp;source=web&amp;rct=j&amp;opi=89978449&amp;url=https:\/\/www.ua.es\/&amp;ved=2ahUKEwim3bvpx56RAxU62QIHHRGIAhsQFnoECCYQAQ&amp;usg=AOvVaw3WSsDJDqmjfDJPGa0ShFs6\">Universitat d\u2019Alacant<\/a>), Elisa Beneyto i Llu\u00eds Vidal (<a href=\"https:\/\/www.caeha.es\/\" data-type=\"link\" data-id=\"https:\/\/www.caeha.es\/\">CAEHA<\/a>), Jaume Perarnau (<a href=\"https:\/\/www.google.com\/url?sa=t&amp;source=web&amp;rct=j&amp;opi=89978449&amp;url=https:\/\/mnactec.cat\/&amp;ved=2ahUKEwiO8bmCyJ6RAxXW0wIHHQZHAR8QFnoECCMQAQ&amp;usg=AOvVaw0N7LZzq-aqVeW_tDFQNQ42\" data-type=\"link\" data-id=\"https:\/\/www.google.com\/url?sa=t&amp;source=web&amp;rct=j&amp;opi=89978449&amp;url=https:\/\/mnactec.cat\/&amp;ved=2ahUKEwiO8bmCyJ6RAxXW0wIHHQZHAR8QFnoECCMQAQ&amp;usg=AOvVaw0N7LZzq-aqVeW_tDFQNQ42\">MNACTEC<\/a>), Maria Carme Jim\u00e9nez (<a href=\"https:\/\/www.google.com\/url?sa=t&amp;source=web&amp;rct=j&amp;opi=89978449&amp;url=https:\/\/www.irmu.org\/&amp;ved=2ahUKEwil4P2AyZ6RAxWIRv4FHenjB0AQFnoECBoQAQ&amp;usg=AOvVaw2KHYhgY7TqTDOnwRnXBb9s\" data-type=\"link\" data-id=\"https:\/\/www.google.com\/url?sa=t&amp;source=web&amp;rct=j&amp;opi=89978449&amp;url=https:\/\/www.irmu.org\/&amp;ved=2ahUKEwil4P2AyZ6RAxWIRv4FHenjB0AQFnoECBoQAQ&amp;usg=AOvVaw2KHYhgY7TqTDOnwRnXBb9s\">Institut Ramon Muntaner<\/a>), Lourdes Melis (<a href=\"https:\/\/www.google.com\/url?sa=t&amp;source=web&amp;rct=j&amp;opi=89978449&amp;url=https:\/\/www.uib.cat\/&amp;ved=2ahUKEwj3kY_7x56RAxVC3AIHHWBIHgsQFnoECBMQAQ&amp;usg=AOvVaw0htqD4EEsE0b9Jkfiv1fS1\" data-type=\"link\" data-id=\"https:\/\/www.google.com\/url?sa=t&amp;source=web&amp;rct=j&amp;opi=89978449&amp;url=https:\/\/www.uib.cat\/&amp;ved=2ahUKEwj3kY_7x56RAxVC3AIHHWBIHgsQFnoECBMQAQ&amp;usg=AOvVaw0htqD4EEsE0b9Jkfiv1fS1\">Universitat de les Illes Balears<\/a>) i Aina Ferrero (<a href=\"https:\/\/www.google.com\/url?sa=t&amp;source=web&amp;rct=j&amp;opi=89978449&amp;url=https:\/\/museu.incaciutat.com\/&amp;ved=2ahUKEwi5sZ6RyZ6RAxUiywIHHV4sHjAQFnoECCYQAQ&amp;usg=AOvVaw0zrJkjTQXyekDbqyMJ7gDX\" data-type=\"link\" data-id=\"https:\/\/www.google.com\/url?sa=t&amp;source=web&amp;rct=j&amp;opi=89978449&amp;url=https:\/\/museu.incaciutat.com\/&amp;ved=2ahUKEwi5sZ6RyZ6RAxUiywIHHV4sHjAQFnoECCYQAQ&amp;usg=AOvVaw0zrJkjTQXyekDbqyMJ7gDX\">Museu del Cal\u00e7at i de la Ind\u00fastria d\u2019Inca<\/a>).<\/li>\n\n\n\n<li>Comit\u00e8 organitzador:Elisa Beneyto i Llu\u00eds Vidal (<a href=\"https:\/\/www.caeha.es\/\" data-type=\"link\" data-id=\"https:\/\/www.caeha.es\/\">CAEHA<\/a>), Lorena Zamorano (<a href=\"https:\/\/www.google.com\/url?sa=t&amp;source=web&amp;rct=j&amp;opi=89978449&amp;url=https:\/\/www.upv.es\/entidades\/epsa\/va\/inici-2\/&amp;ved=2ahUKEwipr4Pix56RAxVvRP4FHXY5DVAQFnoECFMQAQ&amp;usg=AOvVaw0RdNeM2LpFatPD5f1bd_MJ\" data-type=\"link\" data-id=\"https:\/\/www.google.com\/url?sa=t&amp;source=web&amp;rct=j&amp;opi=89978449&amp;url=https:\/\/www.upv.es\/entidades\/epsa\/va\/inici-2\/&amp;ved=2ahUKEwipr4Pix56RAxVvRP4FHXY5DVAQFnoECFMQAQ&amp;usg=AOvVaw0RdNeM2LpFatPD5f1bd_MJ\">Ajuntament d\u2019Alcoi<\/a>), Jos\u00e9 M. Gadea i Isaac Montava (<a href=\"https:\/\/www.google.com\/url?sa=t&amp;source=web&amp;rct=j&amp;opi=89978449&amp;url=https:\/\/www.upv.es\/entidades\/epsa\/va\/inici-2\/&amp;ved=2ahUKEwipr4Pix56RAxVvRP4FHXY5DVAQFnoECFMQAQ&amp;usg=AOvVaw0RdNeM2LpFatPD5f1bd_MJ\" data-type=\"link\" data-id=\"https:\/\/www.google.com\/url?sa=t&amp;source=web&amp;rct=j&amp;opi=89978449&amp;url=https:\/\/www.upv.es\/entidades\/epsa\/va\/inici-2\/&amp;ved=2ahUKEwipr4Pix56RAxVvRP4FHXY5DVAQFnoECFMQAQ&amp;usg=AOvVaw0RdNeM2LpFatPD5f1bd_MJ\">UPV &#8211; EPSA<\/a>), Albert Tulleuda i Laura Soriano (<a href=\"https:\/\/www.google.com\/url?sa=t&amp;source=web&amp;rct=j&amp;opi=89978449&amp;url=https:\/\/mnactec.cat\/&amp;ved=2ahUKEwiO8bmCyJ6RAxXW0wIHHQZHAR8QFnoECCMQAQ&amp;usg=AOvVaw0N7LZzq-aqVeW_tDFQNQ42\" data-type=\"link\" data-id=\"https:\/\/www.google.com\/url?sa=t&amp;source=web&amp;rct=j&amp;opi=89978449&amp;url=https:\/\/mnactec.cat\/&amp;ved=2ahUKEwiO8bmCyJ6RAxXW0wIHHQZHAR8QFnoECCMQAQ&amp;usg=AOvVaw0N7LZzq-aqVeW_tDFQNQ42\">MNACTEC<\/a>), Palmira Torregrosa (<a href=\"https:\/\/www.alcoi.org\/es\/areas\/cultura\/museo\" data-type=\"link\" data-id=\"https:\/\/www.alcoi.org\/es\/areas\/cultura\/museo\">Museu Arqueol\u00f2gic Municipal d\u2019Alcoi<\/a> i<a href=\"https:\/\/www.google.com\/url?sa=t&amp;source=web&amp;rct=j&amp;opi=89978449&amp;url=https:\/\/www.ua.es\/&amp;ved=2ahUKEwim3bvpx56RAxU62QIHHRGIAhsQFnoECCYQAQ&amp;usg=AOvVaw3WSsDJDqmjfDJPGa0ShFs6\" data-type=\"link\" data-id=\"https:\/\/www.google.com\/url?sa=t&amp;source=web&amp;rct=j&amp;opi=89978449&amp;url=https:\/\/www.ua.es\/&amp;ved=2ahUKEwim3bvpx56RAxU62QIHHRGIAhsQFnoECCYQAQ&amp;usg=AOvVaw3WSsDJDqmjfDJPGa0ShFs6\"> Universitat d\u2019Alacant<\/a>), Maria Carme Jim\u00e9nez (<a href=\"https:\/\/www.google.com\/url?sa=t&amp;source=web&amp;rct=j&amp;opi=89978449&amp;url=https:\/\/www.irmu.org\/&amp;ved=2ahUKEwjqqPXTyZ6RAxUd2wIHHdpLOCoQFnoECBsQAQ&amp;usg=AOvVaw2KHYhgY7TqTDOnwRnXBb9s\" data-type=\"link\" data-id=\"https:\/\/www.google.com\/url?sa=t&amp;source=web&amp;rct=j&amp;opi=89978449&amp;url=https:\/\/www.irmu.org\/&amp;ved=2ahUKEwjqqPXTyZ6RAxUd2wIHHdpLOCoQFnoECBsQAQ&amp;usg=AOvVaw2KHYhgY7TqTDOnwRnXBb9s\">Institut Ramon Muntaner<\/a>), Lourdes Melis (<a href=\"https:\/\/www.google.com\/url?sa=t&amp;source=web&amp;rct=j&amp;opi=89978449&amp;url=https:\/\/www.uib.cat\/&amp;ved=2ahUKEwj3kY_7x56RAxVC3AIHHWBIHgsQFnoECBMQAQ&amp;usg=AOvVaw0htqD4EEsE0b9Jkfiv1fS1\" data-type=\"link\" data-id=\"https:\/\/www.google.com\/url?sa=t&amp;source=web&amp;rct=j&amp;opi=89978449&amp;url=https:\/\/www.uib.cat\/&amp;ved=2ahUKEwj3kY_7x56RAxVC3AIHHWBIHgsQFnoECBMQAQ&amp;usg=AOvVaw0htqD4EEsE0b9Jkfiv1fS1\">Universitat de les Illes Balears<\/a>) i Aina Ferrero (<a href=\"https:\/\/www.google.com\/url?sa=t&amp;source=web&amp;rct=j&amp;opi=89978449&amp;url=https:\/\/museu.incaciutat.com\/&amp;ved=2ahUKEwi5sZ6RyZ6RAxUiywIHHV4sHjAQFnoECCYQAQ&amp;usg=AOvVaw0zrJkjTQXyekDbqyMJ7gDX\" data-type=\"link\" data-id=\"https:\/\/www.google.com\/url?sa=t&amp;source=web&amp;rct=j&amp;opi=89978449&amp;url=https:\/\/museu.incaciutat.com\/&amp;ved=2ahUKEwi5sZ6RyZ6RAxUiywIHHV4sHjAQFnoECCYQAQ&amp;usg=AOvVaw0zrJkjTQXyekDbqyMJ7gDX\">Museu del Cal\u00e7at i de la Ind\u00fastria d\u2019Inca<\/a>).<\/li>\n<\/ul>\n\n\n\n<p><\/p>\n\n\n\n<p><strong>ALLOTJAMENT I TRANSPORT<\/strong><br>A la pr\u00f2pia ciutat d\u2019Alcoi hi ha diverses opcions d\u2019allotjament des de les que es pot arribar a peu o en transport p\u00fablic als diversos empla\u00e7aments del congr\u00e9s. Per exemple, l&#8217;<a href=\"https:\/\/hotelreconquista.es\/\" data-type=\"link\" data-id=\"https:\/\/hotelreconquista.es\/\">Hotel Reconquista<\/a>, <a href=\"https:\/\/www.hostalsavoy.com\/\" data-type=\"link\" data-id=\"https:\/\/www.hostalsavoy.com\/\">Hostal Savoy <\/a>i <a href=\"https:\/\/www.sercotelhoteles.com\/es\/hotel-ciutat-dalcoi\" data-type=\"link\" data-id=\"https:\/\/www.sercotelhoteles.com\/es\/hotel-ciutat-dalcoi\">Hotel Sercotel Ciutat d\u2019Alcoi <\/a>.Tamb\u00e9 hi han apartaments tur\u00edstics que poden ser una bona opci\u00f3<\/p>\n\n\n\n<p><\/p>\n\n\n\n<p><strong>OPCIONS DE TRANSPORT<\/strong><\/p>\n\n\n\n<p><br><em>Transport Intraurb\u00e0<\/em><\/p>\n\n\n\n<p><br>Dins d\u2019Alcoi es recomana despla\u00e7ar-se a peu, ja que la ciutat no \u00e9s massa gran. Tamb\u00e9 hi han diverses l\u00ednies d\u2019autobus per aplegar al centre tecnol\u00f2gic de Rodes. Les l\u00ednies <strong>L2, L3 i L4<\/strong>.<\/p>\n\n\n\n<p><br>Aquestes s\u00f3n <a href=\"https:\/\/alcoi.vectalia.es\/wp-content\/uploads\/sites\/7\/2019\/10\/Plano-de-l%C3%ADneas-transporte-urbano-Alcoi.pdf\" data-type=\"link\" data-id=\"https:\/\/alcoi.vectalia.es\/wp-content\/uploads\/sites\/7\/2019\/10\/Plano-de-l%C3%ADneas-transporte-urbano-Alcoi.pdf\">l\u00ednies d\u2019autob\u00fas urb\u00e0 de Vectalia \u2013 Alcoi <\/a>que tenen parades properes al <a href=\"https:\/\/maps.app.goo.gl\/rrHKm5Aej7ZrTTZR7\" data-type=\"link\" data-id=\"https:\/\/maps.app.goo.gl\/rrHKm5Aej7ZrTTZR7\">Parc Tecnol\u00f2gic Urb\u00e0 de Rodes<\/a>, que est\u00e0 ubicat en el v\u00e8rtex format pels <a href=\"https:\/\/maps.app.goo.gl\/iR922ChWU7SvjgzKA\" data-type=\"link\" data-id=\"https:\/\/maps.app.goo.gl\/iR922ChWU7SvjgzKA\">carrers d\u2019Agres<\/a> i de <a href=\"https:\/\/maps.app.goo.gl\/LDXKkdR7u2okcw8r6\" data-type=\"link\" data-id=\"https:\/\/maps.app.goo.gl\/LDXKkdR7u2okcw8r6\">Salvador Allende<\/a>.<\/p>\n\n\n\n<p>La parada m\u00e9s propera \u00e9s \u201c<a href=\"https:\/\/www.google.com\/maps\/place\/Carrer+els+Al%C3%A7amora,+24,+03803+Alcoi,+Alacant\/@38.696899,-0.4813591,17z\/data=!4m6!3m5!1s0xd618653af299065:0x5f3c344fd12d48bc!8m2!3d38.696899!4d-0.4813591!16s%2Fg%2F11pw19yws2?entry=ttu&amp;g_ep=EgoyMDI1MTEyMy4xIKXMDSoASAFQAw%3D%3D\" data-type=\"link\" data-id=\"https:\/\/www.google.com\/maps\/place\/Carrer+els+Al%C3%A7amora,+24,+03803+Alcoi,+Alacant\/@38.696899,-0.4813591,17z\/data=!4m6!3m5!1s0xd618653af299065:0x5f3c344fd12d48bc!8m2!3d38.696899!4d-0.4813591!16s%2Fg%2F11pw19yws2?entry=ttu&amp;g_ep=EgoyMDI1MTEyMy4xIKXMDSoASAFQAw%3D%3D\">Al\u00e7amora 24<\/a>\u201c, que molt a prop del Parc de Rodes. Consulteu els <a href=\"https:\/\/alcoi.vectalia.es\/planos\/\" data-type=\"link\" data-id=\"https:\/\/alcoi.vectalia.es\/planos\/\">pl\u00e0nols d\u2019autobusos intraurbans ac\u00ed<\/a>.<\/p>\n\n\n\n<p><\/p>\n\n\n\n<p><em>Transport interurb\u00e0<\/em><\/p>\n\n\n\n<p><\/p>\n\n\n\n<p><strong>Com aplegar desde Val\u00e8ncia capital<\/strong><\/p>\n\n\n\n<p>Una opci\u00f3 de transport fins a Alcoi \u00e9s l&#8217;autob\u00fas, amb diverses l\u00ednies que connecten Val\u00e8ncia amb Alcoi amb una durada aproximada del trajecte d&#8217;entre 1 i mitja hora i 1 hora i 45 minuts.<\/p>\n\n\n\n<ul class=\"wp-block-list\">\n<li><strong>Autob\u00fas Val\u00e8ncia &#8211; Alcoi<\/strong> (operada per ALSA): Durada aproximada de 1 hora i 45 minuts.<\/li>\n\n\n\n<li><strong>Cost aproximat:<\/strong> Entre 8-12 EUR per trajecte.<\/li>\n<\/ul>\n\n\n\n<p>Tamb\u00e9 solen haver BlaBla Cars que solen costar de 7-12\u20ac. Es solen publicar un o dies abans de la data de sortida.<\/p>\n\n\n\n<p><\/p>\n\n\n\n<p><strong>Com aplegar d&#8217;Alacant capital<\/strong><\/p>\n\n\n\n<p>Una opci\u00f3 de transport fins a Alcoi \u00e9s l&#8217;autob\u00fas, amb diverses l\u00ednies que connecten Alacant amb Alcoi amb una durada aproximada del trajecte d&#8217;entre 1 hora i 1 hora i 25 minuts.<\/p>\n\n\n\n<ul class=\"wp-block-list\">\n<li><strong>L\u00ednia d&#8217;autob\u00fas Alacant &#8211; Alcoi<\/strong> (operada per ALSA): Amb sortides freq\u00fcents durant el dia.<\/li>\n\n\n\n<li><strong>Cost aproximat:<\/strong> Entre 5-8 EUR per trajecte.<\/li>\n<\/ul>\n\n\n\n<p>Tamb\u00e9 solen haver BlaBla Cars que solen costar de 6-10\u20ac. Es solen publicar un o dies abans de la data de sortida.<\/p>\n\n\n\n<p><\/p>\n\n\n\n<p><strong>En vehicle propi:<\/strong><\/p>\n\n\n\n<p>Per als participants que es desplacin en vehicle propi, tant el Parc Tecnol\u00f2gic Urb\u00e0 de Rodes com l&#8217;Escola Industrial disposen de zones d&#8217;aparcament disponibles.<\/p>\n\n\n\n<ul class=\"wp-block-list\">\n<li><strong>Des d&#8217;Alacant:<\/strong> Per l&#8217;A-7 i despr\u00e9s la CV-795 (aproximadament 1 hora).<\/li>\n\n\n\n<li><strong>Des de Val\u00e8ncia:<\/strong> Per l&#8217;A-7 (aproximadament 1 hora i 20 minuts).<\/li>\n<\/ul>\n\n\n\n<p><\/p>\n\n\n\n<figure class=\"wp-block-image size-full\"><img loading=\"lazy\" decoding=\"async\" width=\"1024\" height=\"724\" src=\"https:\/\/cemusialcoi2026.webs.upv.es\/wp-content\/uploads\/2025\/11\/CEMUSI-logo-3.jpg\" alt=\"\" class=\"wp-image-40\" srcset=\"https:\/\/cemusialcoi2026.webs.upv.es\/wp-content\/uploads\/2025\/11\/CEMUSI-logo-3.jpg 1024w, https:\/\/cemusialcoi2026.webs.upv.es\/wp-content\/uploads\/2025\/11\/CEMUSI-logo-3-300x212.jpg 300w, https:\/\/cemusialcoi2026.webs.upv.es\/wp-content\/uploads\/2025\/11\/CEMUSI-logo-3-768x543.jpg 768w, https:\/\/cemusialcoi2026.webs.upv.es\/wp-content\/uploads\/2025\/11\/CEMUSI-logo-3-424x300.jpg 424w\" sizes=\"auto, (max-width: 1024px) 100vw, 1024px\" \/><\/figure>\n\n\n\n<p><\/p>\n","protected":false},"excerpt":{"rendered":"<p>ALLOTJAMENT I TRANSPORTA la pr\u00f2pia ciutat d\u2019Alcoi hi ha diverses opcions d\u2019allotjament des de les que es pot arribar a peu o en transport p\u00fablic als diversos empla\u00e7aments del congr\u00e9s. Per exemple, l&#8217;Hotel Reconquista, Hostal Savoy i Hotel Sercotel Ciutat &hellip; <a href=\"https:\/\/cemusialcoi2026.webs.upv.es\/?page_id=39\">Continue reading <span class=\"meta-nav\">&rarr;<\/span><\/a><\/p>\n","protected":false},"author":2,"featured_media":0,"parent":0,"menu_order":0,"comment_status":"closed","ping_status":"closed","template":"","meta":{"footnotes":""},"class_list":["post-39","page","type-page","status-publish","hentry"],"_links":{"self":[{"href":"https:\/\/cemusialcoi2026.webs.upv.es\/index.php?rest_route=\/wp\/v2\/pages\/39","targetHints":{"allow":["GET"]}}],"collection":[{"href":"https:\/\/cemusialcoi2026.webs.upv.es\/index.php?rest_route=\/wp\/v2\/pages"}],"about":[{"href":"https:\/\/cemusialcoi2026.webs.upv.es\/index.php?rest_route=\/wp\/v2\/types\/page"}],"author":[{"embeddable":true,"href":"https:\/\/cemusialcoi2026.webs.upv.es\/index.php?rest_route=\/wp\/v2\/users\/2"}],"replies":[{"embeddable":true,"href":"https:\/\/cemusialcoi2026.webs.upv.es\/index.php?rest_route=%2Fwp%2Fv2%2Fcomments&post=39"}],"version-history":[{"count":9,"href":"https:\/\/cemusialcoi2026.webs.upv.es\/index.php?rest_route=\/wp\/v2\/pages\/39\/revisions"}],"predecessor-version":[{"id":117,"href":"https:\/\/cemusialcoi2026.webs.upv.es\/index.php?rest_route=\/wp\/v2\/pages\/39\/revisions\/117"}],"wp:attachment":[{"href":"https:\/\/cemusialcoi2026.webs.upv.es\/index.php?rest_route=%2Fwp%2Fv2%2Fmedia&parent=39"}],"curies":[{"name":"wp","href":"https:\/\/api.w.org\/{rel}","templated":true}]}}